{"id":5111,"date":"2022-05-29T18:59:20","date_gmt":"2022-05-29T23:59:20","guid":{"rendered":"https:\/\/osswill.com.mx\/?page_id=5111"},"modified":"2022-05-30T09:39:07","modified_gmt":"2022-05-30T14:39:07","slug":"calentador-solar","status":"publish","type":"page","link":"https:\/\/osswill.com.mx\/index.php\/calentador-solar\/","title":{"rendered":"calentador-solar"},"content":{"rendered":"\t\t<div data-elementor-type=\"wp-page\" data-elementor-id=\"5111\" class=\"elementor elementor-5111\" data-elementor-post-type=\"page\">\n\t\t\t\t\t\t<section class=\"elementor-section elementor-top-section elementor-element elementor-element-466957d elementor-section-boxed elementor-section-height-default elementor-section-height-default\" data-id=\"466957d\" data-element_type=\"section\">\n\t\t\t\t\t\t<div class=\"elementor-container elementor-column-gap-default\">\n\t\t\t\t\t<div class=\"elementor-column elementor-col-50 elementor-top-column elementor-element elementor-element-65b9349\" data-id=\"65b9349\" data-element_type=\"column\">\n\t\t\t<div class=\"elementor-widget-wrap elementor-element-populated\">\n\t\t\t\t\t\t<div class=\"elementor-element elementor-element-0c12dce elementor-widget elementor-widget-heading\" data-id=\"0c12dce\" data-element_type=\"widget\" data-widget_type=\"heading.default\">\n\t\t\t\t<div class=\"elementor-widget-container\">\n\t\t\t\t\t<h2 class=\"elementor-heading-title elementor-size-default\">\u00bfPor qu\u00e9 deber\u00eda comprar un calentador Solar?<\/h2>\t\t\t\t<\/div>\n\t\t\t\t<\/div>\n\t\t\t\t<div class=\"elementor-element elementor-element-1d096f1 elementor--h-position-center elementor--v-position-middle elementor-arrows-position-inside elementor-pagination-position-inside elementor-widget elementor-widget-slides\" data-id=\"1d096f1\" data-element_type=\"widget\" data-settings=\"{&quot;navigation&quot;:&quot;both&quot;,&quot;autoplay&quot;:&quot;yes&quot;,&quot;pause_on_hover&quot;:&quot;yes&quot;,&quot;pause_on_interaction&quot;:&quot;yes&quot;,&quot;autoplay_speed&quot;:5000,&quot;infinite&quot;:&quot;yes&quot;,&quot;transition&quot;:&quot;slide&quot;,&quot;transition_speed&quot;:500}\" data-widget_type=\"slides.default\">\n\t\t\t\t<div class=\"elementor-widget-container\">\n\t\t\t\t\t\t\t<div class=\"elementor-swiper\">\n\t\t\t<div class=\"elementor-slides-wrapper elementor-main-swiper swiper-container\" dir=\"ltr\" data-animation=\"fadeInUp\">\n\t\t\t\t<div class=\"swiper-wrapper elementor-slides\">\n\t\t\t\t\t\t\t\t\t\t<div class=\"elementor-repeater-item-faec65b swiper-slide\"><div class=\"swiper-slide-bg\" role=\"img\"><\/div><div class=\"swiper-slide-inner\" ><div class=\"swiper-slide-contents\"><\/div><\/div><\/div><div class=\"elementor-repeater-item-6741c30 swiper-slide\"><div class=\"swiper-slide-bg\" role=\"img\"><\/div><div class=\"swiper-slide-inner\" ><div class=\"swiper-slide-contents\"><\/div><\/div><\/div>\t\t\t\t<\/div>\n\t\t\t\t\t\t\t\t\t\t\t\t\t\t\t<div class=\"swiper-pagination\"><\/div>\n\t\t\t\t\t\t\t\t\t\t\t\t\t\t\t\t<div class=\"elementor-swiper-button elementor-swiper-button-prev\" role=\"button\" tabindex=\"0\">\n\t\t\t\t\t\t\t<i aria-hidden=\"true\" class=\"eicon-chevron-left\"><\/i>\t\t\t\t\t\t\t<span class=\"elementor-screen-only\">Previous slide<\/span>\n\t\t\t\t\t\t<\/div>\n\t\t\t\t\t\t<div class=\"elementor-swiper-button elementor-swiper-button-next\" role=\"button\" tabindex=\"0\">\n\t\t\t\t\t\t\t<i aria-hidden=\"true\" class=\"eicon-chevron-right\"><\/i>\t\t\t\t\t\t\t<span class=\"elementor-screen-only\">Next slide<\/span>\n\t\t\t\t\t\t<\/div>\n\t\t\t\t\t\t\t\t\t\t\t\t<\/div>\n\t\t<\/div>\n\t\t\t\t\t\t<\/div>\n\t\t\t\t<\/div>\n\t\t\t\t<div class=\"elementor-element elementor-element-ecc6667 elementor-widget elementor-widget-heading\" data-id=\"ecc6667\" data-element_type=\"widget\" data-widget_type=\"heading.default\">\n\t\t\t\t<div class=\"elementor-widget-container\">\n\t\t\t\t\t<h2 class=\"elementor-heading-title elementor-size-default\">As\u00ed que ya sabes,  obt\u00e9n tu calentador solar y empieza a ahorrar ya!.<\/h2>\t\t\t\t<\/div>\n\t\t\t\t<\/div>\n\t\t\t\t\t<\/div>\n\t\t<\/div>\n\t\t\t\t<div class=\"elementor-column elementor-col-50 elementor-top-column elementor-element elementor-element-0aa3705\" data-id=\"0aa3705\" data-element_type=\"column\">\n\t\t\t<div class=\"elementor-widget-wrap elementor-element-populated\">\n\t\t\t\t\t\t<div class=\"elementor-element elementor-element-6339a21 elementor-widget elementor-widget-heading\" data-id=\"6339a21\" data-element_type=\"widget\" data-widget_type=\"heading.default\">\n\t\t\t\t<div class=\"elementor-widget-container\">\n\t\t\t\t\t<h2 class=\"elementor-heading-title elementor-size-default\">\u00bfPorqu\u00e9, cu\u00e1nto y qu\u00e9 beneficios tiene un calentador solar?<\/h2>\t\t\t\t<\/div>\n\t\t\t\t<\/div>\n\t\t\t\t<div class=\"elementor-element elementor-element-cfd5523 elementor-widget elementor-widget-text-editor\" data-id=\"cfd5523\" data-element_type=\"widget\" data-widget_type=\"text-editor.default\">\n\t\t\t\t<div class=\"elementor-widget-container\">\n\t\t\t\t\t\t\t\t\t<p>Se habla mucho de las energ\u00edas renovables y de las tecnolog\u00edas sustentables. Sabemos que son buenas para el planeta y que el hecho de que las usemos masivamente va a ser de lo que dependa nuestro futuro en este planeta (<a style=\"color: #9b1815;\" href=\"https:\/\/www.nytimes.com\/es\/2018\/12\/06\/espanol\/emisiones-de-carbono-2018.html\">seg\u00fan los cient\u00edficos, tenemos hasta el 2030 para darle la vuelta a esta tortilla<\/a>). Pero, <strong>\u00bfporqu\u00e9 te conviene tener un calentador solar en lugar de seguir usando gas LP en t\u00e9rminos econ\u00f3micos?<\/strong> Adem\u00e1s de que vas a salvar muchos arboles.<\/p><p>Una familia de cuatro personas se puede ahorrar casi $200,000 al invertir $700 pesos al mes durante 12 meses en un calentador solar.<\/p>\t\t\t\t\t\t\t\t<\/div>\n\t\t\t\t<\/div>\n\t\t\t\t<div class=\"elementor-element elementor-element-e769c40 elementor-widget elementor-widget-heading\" data-id=\"e769c40\" data-element_type=\"widget\" data-widget_type=\"heading.default\">\n\t\t\t\t<div class=\"elementor-widget-container\">\n\t\t\t\t\t<h2 class=\"elementor-heading-title elementor-size-default\">\u00bfCu\u00e1nto me est\u00e1 costando ba\u00f1arme con gas LP?<\/h2>\t\t\t\t<\/div>\n\t\t\t\t<\/div>\n\t\t\t\t<div class=\"elementor-element elementor-element-ddb46f6 elementor-widget elementor-widget-text-editor\" data-id=\"ddb46f6\" data-element_type=\"widget\" data-widget_type=\"text-editor.default\">\n\t\t\t\t<div class=\"elementor-widget-container\">\n\t\t\t\t\t\t\t\t\t<p>En M\u00e9xico el agua se calienta, regularmente, con calentadores de gas \u00a0usando gas licuado a presi\u00f3n (gas LP). Un cilindro de 50kg de gas LP contiene el gas necesario para unas 200 duchas (tomando en cuenta que uses 30 litros por ducha y no te quedes cantando ah\u00ed 30 minutos). Ahora, tomando en cuenta que los boilers en M\u00e9xico tienen una eficiencia del 70%, ese cilindro de 50 kg en realidad te alcanza para unas 145 duchas. Ya que el costo de un cilindro de gas LP de 50 kg es aproximadamente de \u00a0de $900 , <strong>cada ducha te est\u00e1 saliendo en $6.2 pesotes.<\/strong> A esto todav\u00eda hay que sumarle el hecho de que el\u00a0<a href=\"https:\/\/www.banxico.org.mx\/publicaciones-y-prensa\/informes-trimestrales\/recuadros\/%7B8828BE2A-A71B-6620-F19B-1DECFE2808CD%7D.pdf\" data-saferedirecturl=\"https:\/\/www.google.com\/url?q=https:\/\/www.banxico.org.mx\/publicaciones-y-prensa\/informes-trimestrales\/recuadros\/%257B8828BE2A-A71B-6620-F19B-1DECFE2808CD%257D.pdf&amp;source=gmail&amp;ust=1619316037853000&amp;usg=AFQjCNE3lOucFDOL0jwZSMifqEqidpYpSg\">precio del gas LP sube hasta 30% cada a\u00f1o<\/a><u>.<\/u><\/p><p>Si en tu casa viven 4 personas y adem\u00e1s lavas los trastes con agua caliente (supongamos que usas la misma cantidad de agua para lavar los trastes que para darte un ba\u00f1o),\u00a0<strong>\u00a1\u00a1\u00a1al d\u00eda te est\u00e1s gastando $31 pesos y al mes $930!!!<\/strong>Una familia de 4 personas se gasta hasta $930 al mes en gas LP.<\/p>\t\t\t\t\t\t\t\t<\/div>\n\t\t\t\t<\/div>\n\t\t\t\t<div class=\"elementor-element elementor-element-ca2574b elementor-widget elementor-widget-heading\" data-id=\"ca2574b\" data-element_type=\"widget\" data-widget_type=\"heading.default\">\n\t\t\t\t<div class=\"elementor-widget-container\">\n\t\t\t\t\t<h2 class=\"elementor-heading-title elementor-size-default\">\u00bfCu\u00e1nto tengo que invertir para un calentador solar y cu\u00e1ndo lo recupero?<\/h2>\t\t\t\t<\/div>\n\t\t\t\t<\/div>\n\t\t\t\t<div class=\"elementor-element elementor-element-9f2deb9 elementor-widget elementor-widget-text-editor\" data-id=\"9f2deb9\" data-element_type=\"widget\" data-widget_type=\"text-editor.default\">\n\t\t\t\t<div class=\"elementor-widget-container\">\n\t\t\t\t\t\t\t\t\t<p>Ya que vimos que te est\u00e1s gastando un dineral en gas LP, ahora te interesa m\u00e1s el calentador solar, \u00bfno?.<\/p><p>Un calentador solar para 5 duchas al d\u00eda cuesta, ya instalado, aproximadamente $8,900. Este ser\u00eda un calentador solar de 18 tubos, 195 litros.\u00a0Eso significa que si lo pagas de contado recuperar\u00edas tus $8,900 en unos 10 meses.\u00a0Dado que un buen calentador tiene 20 a\u00f1os de vida \u00fatil,\u00a0en total te estar\u00edas ahorrando m\u00e1s de $200,000\u00a0a lo largo de la vida \u00fatil del calentador. Nada mal, \u00bfno?<\/p>\t\t\t\t\t\t\t\t<\/div>\n\t\t\t\t<\/div>\n\t\t\t\t\t<\/div>\n\t\t<\/div>\n\t\t\t\t\t<\/div>\n\t\t<\/section>\n\t\t\t\t<section class=\"elementor-section elementor-top-section elementor-element elementor-element-262b805 elementor-section-boxed elementor-section-height-default elementor-section-height-default\" data-id=\"262b805\" data-element_type=\"section\">\n\t\t\t\t\t\t<div class=\"elementor-container elementor-column-gap-default\">\n\t\t\t\t\t<div class=\"elementor-column elementor-col-100 elementor-top-column elementor-element elementor-element-63d1709\" data-id=\"63d1709\" data-element_type=\"column\">\n\t\t\t<div class=\"elementor-widget-wrap\">\n\t\t\t\t\t\t\t<\/div>\n\t\t<\/div>\n\t\t\t\t\t<\/div>\n\t\t<\/section>\n\t\t\t\t<\/div>\n\t\t","protected":false},"excerpt":{"rendered":"<p>\u00bfPor qu\u00e9 deber\u00eda comprar un calentador Solar? Previous Next As\u00ed que ya sabes, obt\u00e9n tu calentador solar y empieza a ahorrar ya!. \u00bfPorqu\u00e9, cu\u00e1nto y qu\u00e9 beneficios tiene un calentador solar? Se habla mucho de las energ\u00edas renovables y de las tecnolog\u00edas sustentables. Sabemos que son buenas para el planeta y que el hecho de [&hellip;]<\/p>\n","protected":false},"author":1,"featured_media":0,"parent":0,"menu_order":0,"comment_status":"closed","ping_status":"closed","template":"","meta":{"site-sidebar-layout":"no-sidebar","site-content-layout":"page-builder","ast-site-content-layout":"default","site-content-style":"default","site-sidebar-style":"default","ast-global-header-display":"","ast-banner-title-visibility":"","ast-main-header-display":"","ast-hfb-above-header-display":"","ast-hfb-below-header-display":"","ast-hfb-mobile-header-display":"","site-post-title":"disabled","ast-breadcrumbs-content":"","ast-featured-img":"disabled","footer-sml-layout":"","theme-transparent-header-meta":"","adv-header-id-meta":"","stick-header-meta":"","header-above-stick-meta":"","header-main-stick-meta":"","header-below-stick-meta":"","astra-migrate-meta-layouts":"default","ast-page-background-enabled":"default","ast-page-background-meta":{"desktop":{"background-color":"var(--ast-global-color-4)","background-image":"","background-repeat":"repeat","background-position":"center center","background-size":"auto","background-attachment":"scroll","background-type":"","background-media":"","overlay-type":"","overlay-color":"","overlay-opacity":"","overlay-gradient":""},"tablet":{"background-color":"","background-image":"","background-repeat":"repeat","background-position":"center center","background-size":"auto","background-attachment":"scroll","background-type":"","background-media":"","overlay-type":"","overlay-color":"","overlay-opacity":"","overlay-gradient":""},"mobile":{"background-color":"","background-image":"","background-repeat":"repeat","background-position":"center center","background-size":"auto","background-attachment":"scroll","background-type":"","background-media":"","overlay-type":"","overlay-color":"","overlay-opacity":"","overlay-gradient":""}},"ast-content-background-meta":{"desktop":{"background-color":"var(--ast-global-color-5)","background-image":"","background-repeat":"repeat","background-position":"center center","background-size":"auto","background-attachment":"scroll","background-type":"","background-media":"","overlay-type":"","overlay-color":"","overlay-opacity":"","overlay-gradient":""},"tablet":{"background-color":"var(--ast-global-color-5)","background-image":"","background-repeat":"repeat","background-position":"center center","background-size":"auto","background-attachment":"scroll","background-type":"","background-media":"","overlay-type":"","overlay-color":"","overlay-opacity":"","overlay-gradient":""},"mobile":{"background-color":"var(--ast-global-color-5)","background-image":"","background-repeat":"repeat","background-position":"center center","background-size":"auto","background-attachment":"scroll","background-type":"","background-media":"","overlay-type":"","overlay-color":"","overlay-opacity":"","overlay-gradient":""}},"_joinchat":[],"footnotes":""},"class_list":["post-5111","page","type-page","status-publish","hentry"],"_links":{"self":[{"href":"https:\/\/osswill.com.mx\/index.php\/wp-json\/wp\/v2\/pages\/5111","targetHints":{"allow":["GET"]}}],"collection":[{"href":"https:\/\/osswill.com.mx\/index.php\/wp-json\/wp\/v2\/pages"}],"about":[{"href":"https:\/\/osswill.com.mx\/index.php\/wp-json\/wp\/v2\/types\/page"}],"author":[{"embeddable":true,"href":"https:\/\/osswill.com.mx\/index.php\/wp-json\/wp\/v2\/users\/1"}],"replies":[{"embeddable":true,"href":"https:\/\/osswill.com.mx\/index.php\/wp-json\/wp\/v2\/comments?post=5111"}],"version-history":[{"count":10,"href":"https:\/\/osswill.com.mx\/index.php\/wp-json\/wp\/v2\/pages\/5111\/revisions"}],"predecessor-version":[{"id":5128,"href":"https:\/\/osswill.com.mx\/index.php\/wp-json\/wp\/v2\/pages\/5111\/revisions\/5128"}],"wp:attachment":[{"href":"https:\/\/osswill.com.mx\/index.php\/wp-json\/wp\/v2\/media?parent=5111"}],"curies":[{"name":"wp","href":"https:\/\/api.w.org\/{rel}","templated":true}]}}